{"id":116,"date":"2015-12-08T16:49:54","date_gmt":"2015-12-08T16:49:54","guid":{"rendered":"http:\/\/tb-aufzuege.de\/?page_id=116"},"modified":"2015-12-08T17:12:36","modified_gmt":"2015-12-08T17:12:36","slug":"neuanlagen-von-5-aufzuegen-wohnanlage-in-muenchen-hansastr-89","status":"publish","type":"page","link":"http:\/\/tb-aufzuege.de\/?page_id=116","title":{"rendered":"Neuanlagen von 5 Aufz\u00fcgen (Wohnanlage) in M\u00fcnchen, Hansastr. 89"},"content":{"rendered":"","protected":false},"excerpt":{"rendered":"","protected":false},"author":1,"featured_media":117,"parent":0,"menu_order":0,"comment_status":"closed","ping_status":"closed","template":"page-templates\/template-portfolio.php","meta":{"spay_email":""},"yoast_head":"<!-- This site is optimized with the Yoast SEO plugin v15.2.1 - https:\/\/yoast.com\/wordpress\/plugins\/seo\/ -->\n<title>Neuanlagen von 5 Aufz\u00fcgen (Wohnanlage) in M\u00fcnchen, Hansastr. 89 - TB-Aufz\u00fcge GmbH<\/title>\n<meta name=\"robots\" content=\"index, follow, max-snippet:-1, max-image-preview:large, max-video-preview:-1\" \/>\n<link rel=\"canonical\" href=\"http:\/\/tb-aufzuege.de\/?page_id=116\" \/>\n<meta property=\"og:locale\" content=\"de_DE\" \/>\n<meta property=\"og:type\" content=\"article\" \/>\n<meta property=\"og:title\" content=\"Neuanlagen von 5 Aufz\u00fcgen (Wohnanlage) in M\u00fcnchen, Hansastr. 89 - TB-Aufz\u00fcge GmbH\" \/>\n<meta property=\"og:url\" content=\"http:\/\/tb-aufzuege.de\/?page_id=116\" \/>\n<meta property=\"og:site_name\" content=\"TB-Aufz\u00fcge GmbH\" \/>\n<meta property=\"article:modified_time\" content=\"2015-12-08T17:12:36+00:00\" \/>\n<meta property=\"og:image\" content=\"https:\/\/i1.wp.com\/tb-aufzuege.de\/wp-content\/uploads\/2015\/12\/portfolio_otis_muc_hansastr.jpg?fit=474%2C416\" \/>\n\t<meta property=\"og:image:width\" content=\"474\" \/>\n\t<meta property=\"og:image:height\" content=\"416\" \/>\n<meta name=\"twitter:card\" content=\"summary\" \/>\n<meta name=\"twitter:label1\" content=\"Written by\">\n\t<meta name=\"twitter:data1\" content=\"TBAufzuege\">\n<script type=\"application\/ld+json\" class=\"yoast-schema-graph\">{\"@context\":\"https:\/\/schema.org\",\"@graph\":[{\"@type\":\"Organization\",\"@id\":\"http:\/\/tb-aufzuege.de\/#organization\",\"name\":\"TB-Aufz\\u00fcge GmbH\",\"url\":\"http:\/\/tb-aufzuege.de\/\",\"sameAs\":[],\"logo\":{\"@type\":\"ImageObject\",\"@id\":\"http:\/\/tb-aufzuege.de\/#logo\",\"inLanguage\":\"de-DE\",\"url\":\"https:\/\/i2.wp.com\/tb-aufzuege.de\/wp-content\/uploads\/2015\/11\/tb_02-e1447254920733.jpg?fit=150%2C121\",\"width\":150,\"height\":121,\"caption\":\"TB-Aufz\\u00fcge GmbH\"},\"image\":{\"@id\":\"http:\/\/tb-aufzuege.de\/#logo\"}},{\"@type\":\"WebSite\",\"@id\":\"http:\/\/tb-aufzuege.de\/#website\",\"url\":\"http:\/\/tb-aufzuege.de\/\",\"name\":\"TB-Aufz\\u00fcge GmbH\",\"description\":\"Bozidar Toncic\",\"publisher\":{\"@id\":\"http:\/\/tb-aufzuege.de\/#organization\"},\"potentialAction\":[{\"@type\":\"SearchAction\",\"target\":\"http:\/\/tb-aufzuege.de\/?s={search_term_string}\",\"query-input\":\"required name=search_term_string\"}],\"inLanguage\":\"de-DE\"},{\"@type\":\"ImageObject\",\"@id\":\"http:\/\/tb-aufzuege.de\/?page_id=116#primaryimage\",\"inLanguage\":\"de-DE\",\"url\":\"https:\/\/i1.wp.com\/tb-aufzuege.de\/wp-content\/uploads\/2015\/12\/portfolio_otis_muc_hansastr.jpg?fit=474%2C416\",\"width\":474,\"height\":416},{\"@type\":\"WebPage\",\"@id\":\"http:\/\/tb-aufzuege.de\/?page_id=116#webpage\",\"url\":\"http:\/\/tb-aufzuege.de\/?page_id=116\",\"name\":\"Neuanlagen von 5 Aufz\\u00fcgen (Wohnanlage) in M\\u00fcnchen, Hansastr. 89 - TB-Aufz\\u00fcge GmbH\",\"isPartOf\":{\"@id\":\"http:\/\/tb-aufzuege.de\/#website\"},\"primaryImageOfPage\":{\"@id\":\"http:\/\/tb-aufzuege.de\/?page_id=116#primaryimage\"},\"datePublished\":\"2015-12-08T16:49:54+00:00\",\"dateModified\":\"2015-12-08T17:12:36+00:00\",\"inLanguage\":\"de-DE\",\"potentialAction\":[{\"@type\":\"ReadAction\",\"target\":[\"http:\/\/tb-aufzuege.de\/?page_id=116\"]}]}]}<\/script>\n<!-- \/ Yoast SEO plugin. -->","jetpack_sharing_enabled":true,"jetpack_shortlink":"https:\/\/wp.me\/P74Jgy-1S","jetpack-related-posts":[],"_links":{"self":[{"href":"http:\/\/tb-aufzuege.de\/index.php?rest_route=\/wp\/v2\/pages\/116"}],"collection":[{"href":"http:\/\/tb-aufzuege.de\/index.php?rest_route=\/wp\/v2\/pages"}],"about":[{"href":"http:\/\/tb-aufzuege.de\/index.php?rest_route=\/wp\/v2\/types\/page"}],"author":[{"embeddable":true,"href":"http:\/\/tb-aufzuege.de\/index.php?rest_route=\/wp\/v2\/users\/1"}],"replies":[{"embeddable":true,"href":"http:\/\/tb-aufzuege.de\/index.php?rest_route=%2Fwp%2Fv2%2Fcomments&post=116"}],"version-history":[{"count":1,"href":"http:\/\/tb-aufzuege.de\/index.php?rest_route=\/wp\/v2\/pages\/116\/revisions"}],"predecessor-version":[{"id":118,"href":"http:\/\/tb-aufzuege.de\/index.php?rest_route=\/wp\/v2\/pages\/116\/revisions\/118"}],"wp:featuredmedia":[{"embeddable":true,"href":"http:\/\/tb-aufzuege.de\/index.php?rest_route=\/wp\/v2\/media\/117"}],"wp:attachment":[{"href":"http:\/\/tb-aufzuege.de\/index.php?rest_route=%2Fwp%2Fv2%2Fmedia&parent=116"}],"curies":[{"name":"wp","href":"https:\/\/api.w.org\/{rel}","templated":true}]}}