{"id":141,"date":"2015-12-08T17:25:12","date_gmt":"2015-12-08T17:25:12","guid":{"rendered":"http:\/\/tb-aufzuege.de\/?page_id=141"},"modified":"2015-12-08T17:27:23","modified_gmt":"2015-12-08T17:27:23","slug":"jobs","status":"publish","type":"page","link":"http:\/\/tb-aufzuege.de\/?page_id=141","title":{"rendered":"Jobs"},"content":{"rendered":"<p>Wir suchen laufend qualifizierte Aufzugsmonteure und Elektromonteure.<\/p>\n<p>Deutsche Sprachkenntnisse w\u00fcnschenswert.<\/p>\n<p>Bei Interesse senden Sie bitte Ihre Bewerbung unter Angabe Ihrer Verf\u00fcgbarkeit vorzugsweise per Email. Ihre Bewerbung richten Sie bitte an Herrn\u00a0Bozidar Toncic (b.toncic@tb-aufzuege.de).\u00a0F\u00fcr weitere Informationen und R\u00fcckfragen z\u00f6gern Sie nicht, sich an Herrn Toncic direkt zu wenden.<\/p>\n","protected":false},"excerpt":{"rendered":"<p>Wir suchen laufend qualifizierte Aufzugsmonteure und Elektromonteure. Deutsche Sprachkenntnisse w\u00fcnschenswert. Bei Interesse senden Sie bitte Ihre Bewerbung unter Angabe Ihrer Verf\u00fcgbarkeit vorzugsweise per Email. Ihre<\/p>\n","protected":false},"author":1,"featured_media":0,"parent":0,"menu_order":0,"comment_status":"closed","ping_status":"closed","template":"","meta":{"spay_email":""},"yoast_head":"<!-- This site is optimized with the Yoast SEO plugin v15.2.1 - https:\/\/yoast.com\/wordpress\/plugins\/seo\/ -->\n<title>Jobs - TB-Aufz\u00fcge GmbH<\/title>\n<meta name=\"robots\" content=\"index, follow, max-snippet:-1, max-image-preview:large, max-video-preview:-1\" \/>\n<link rel=\"canonical\" href=\"http:\/\/tb-aufzuege.de\/?page_id=141\" \/>\n<meta property=\"og:locale\" content=\"de_DE\" \/>\n<meta property=\"og:type\" content=\"article\" \/>\n<meta property=\"og:title\" content=\"Jobs - TB-Aufz\u00fcge GmbH\" \/>\n<meta property=\"og:description\" content=\"Wir suchen laufend qualifizierte Aufzugsmonteure und Elektromonteure. Deutsche Sprachkenntnisse w\u00fcnschenswert. Bei Interesse senden Sie bitte Ihre Bewerbung unter Angabe Ihrer Verf\u00fcgbarkeit vorzugsweise per Email. Ihre\" \/>\n<meta property=\"og:url\" content=\"http:\/\/tb-aufzuege.de\/?page_id=141\" \/>\n<meta property=\"og:site_name\" content=\"TB-Aufz\u00fcge GmbH\" \/>\n<meta property=\"article:modified_time\" content=\"2015-12-08T17:27:23+00:00\" \/>\n<meta name=\"twitter:card\" content=\"summary\" \/>\n<meta name=\"twitter:label1\" content=\"Written by\">\n\t<meta name=\"twitter:data1\" content=\"TBAufzuege\">\n\t<meta name=\"twitter:label2\" content=\"Est. reading time\">\n\t<meta name=\"twitter:data2\" content=\"0 Minuten\">\n<script type=\"application\/ld+json\" class=\"yoast-schema-graph\">{\"@context\":\"https:\/\/schema.org\",\"@graph\":[{\"@type\":\"Organization\",\"@id\":\"http:\/\/tb-aufzuege.de\/#organization\",\"name\":\"TB-Aufz\\u00fcge GmbH\",\"url\":\"http:\/\/tb-aufzuege.de\/\",\"sameAs\":[],\"logo\":{\"@type\":\"ImageObject\",\"@id\":\"http:\/\/tb-aufzuege.de\/#logo\",\"inLanguage\":\"de-DE\",\"url\":\"https:\/\/i2.wp.com\/tb-aufzuege.de\/wp-content\/uploads\/2015\/11\/tb_02-e1447254920733.jpg?fit=150%2C121\",\"width\":150,\"height\":121,\"caption\":\"TB-Aufz\\u00fcge GmbH\"},\"image\":{\"@id\":\"http:\/\/tb-aufzuege.de\/#logo\"}},{\"@type\":\"WebSite\",\"@id\":\"http:\/\/tb-aufzuege.de\/#website\",\"url\":\"http:\/\/tb-aufzuege.de\/\",\"name\":\"TB-Aufz\\u00fcge GmbH\",\"description\":\"Bozidar Toncic\",\"publisher\":{\"@id\":\"http:\/\/tb-aufzuege.de\/#organization\"},\"potentialAction\":[{\"@type\":\"SearchAction\",\"target\":\"http:\/\/tb-aufzuege.de\/?s={search_term_string}\",\"query-input\":\"required name=search_term_string\"}],\"inLanguage\":\"de-DE\"},{\"@type\":\"WebPage\",\"@id\":\"http:\/\/tb-aufzuege.de\/?page_id=141#webpage\",\"url\":\"http:\/\/tb-aufzuege.de\/?page_id=141\",\"name\":\"Jobs - TB-Aufz\\u00fcge GmbH\",\"isPartOf\":{\"@id\":\"http:\/\/tb-aufzuege.de\/#website\"},\"datePublished\":\"2015-12-08T17:25:12+00:00\",\"dateModified\":\"2015-12-08T17:27:23+00:00\",\"inLanguage\":\"de-DE\",\"potentialAction\":[{\"@type\":\"ReadAction\",\"target\":[\"http:\/\/tb-aufzuege.de\/?page_id=141\"]}]}]}<\/script>\n<!-- \/ Yoast SEO plugin. -->","jetpack_sharing_enabled":true,"jetpack_shortlink":"https:\/\/wp.me\/P74Jgy-2h","jetpack-related-posts":[],"_links":{"self":[{"href":"http:\/\/tb-aufzuege.de\/index.php?rest_route=\/wp\/v2\/pages\/141"}],"collection":[{"href":"http:\/\/tb-aufzuege.de\/index.php?rest_route=\/wp\/v2\/pages"}],"about":[{"href":"http:\/\/tb-aufzuege.de\/index.php?rest_route=\/wp\/v2\/types\/page"}],"author":[{"embeddable":true,"href":"http:\/\/tb-aufzuege.de\/index.php?rest_route=\/wp\/v2\/users\/1"}],"replies":[{"embeddable":true,"href":"http:\/\/tb-aufzuege.de\/index.php?rest_route=%2Fwp%2Fv2%2Fcomments&post=141"}],"version-history":[{"count":1,"href":"http:\/\/tb-aufzuege.de\/index.php?rest_route=\/wp\/v2\/pages\/141\/revisions"}],"predecessor-version":[{"id":142,"href":"http:\/\/tb-aufzuege.de\/index.php?rest_route=\/wp\/v2\/pages\/141\/revisions\/142"}],"wp:attachment":[{"href":"http:\/\/tb-aufzuege.de\/index.php?rest_route=%2Fwp%2Fv2%2Fmedia&parent=141"}],"curies":[{"name":"wp","href":"https:\/\/api.w.org\/{rel}","templated":true}]}}