{"id":163,"date":"2016-02-08T18:10:26","date_gmt":"2016-02-08T18:10:26","guid":{"rendered":"http:\/\/tb-aufzuege.de\/?page_id=163"},"modified":"2022-08-01T17:57:05","modified_gmt":"2022-08-01T17:57:05","slug":"unser-team-der-tb-aufzuege-gmbh","status":"publish","type":"page","link":"http:\/\/tb-aufzuege.de\/?page_id=163","title":{"rendered":"Unser Team der TB Aufz\u00fcge GmbH"},"content":{"rendered":"<p>Unser Team freut sich, Sie in allen Fragen rund um das Thema Aufz\u00fcge und Fahrtreppen beraten zu d\u00fcrfen.<\/p>\n<p>F\u00fcr uns ist professionelle Beratung eine der wichtigsten Maximen unserer Unternehmensphilosophie.<\/p>\n<p>Wenn Sie Fragen oder Anregungen haben, sprechen Sie uns bitte an. Unser gr\u00f6\u00dfter Wunsch ist, dass wir Sie mit unseren Qualit\u00e4tsleistungen optimal zufrieden stellen k\u00f6nnen.<\/p>\n<p>Wir sind immer f\u00fcr Sie da und nehmen uns sehr gern die Zeit f\u00fcr eine ausf\u00fchrliche Beratung.<\/p>\n","protected":false},"excerpt":{"rendered":"<p>Unser Team freut sich, Sie in allen Fragen rund um das Thema Aufz\u00fcge und Fahrtreppen beraten zu d\u00fcrfen. F\u00fcr uns ist professionelle Beratung eine der<\/p>\n","protected":false},"author":1,"featured_media":175,"parent":0,"menu_order":0,"comment_status":"closed","ping_status":"closed","template":"page-templates\/template-team.php","meta":{"spay_email":""},"yoast_head":"<!-- This site is optimized with the Yoast SEO plugin v15.2.1 - https:\/\/yoast.com\/wordpress\/plugins\/seo\/ -->\n<title>Unser Team der TB Aufz\u00fcge GmbH - TB-Aufz\u00fcge GmbH<\/title>\n<meta name=\"robots\" content=\"index, follow, max-snippet:-1, max-image-preview:large, max-video-preview:-1\" \/>\n<link rel=\"canonical\" href=\"http:\/\/tb-aufzuege.de\/?page_id=163\" \/>\n<meta property=\"og:locale\" content=\"de_DE\" \/>\n<meta property=\"og:type\" content=\"article\" \/>\n<meta property=\"og:title\" content=\"Unser Team der TB Aufz\u00fcge GmbH - TB-Aufz\u00fcge GmbH\" \/>\n<meta property=\"og:description\" content=\"Unser Team freut sich, Sie in allen Fragen rund um das Thema Aufz\u00fcge und Fahrtreppen beraten zu d\u00fcrfen. F\u00fcr uns ist professionelle Beratung eine der\" \/>\n<meta property=\"og:url\" content=\"http:\/\/tb-aufzuege.de\/?page_id=163\" \/>\n<meta property=\"og:site_name\" content=\"TB-Aufz\u00fcge GmbH\" \/>\n<meta property=\"article:modified_time\" content=\"2022-08-01T17:57:05+00:00\" \/>\n<meta property=\"og:image\" content=\"https:\/\/i2.wp.com\/tb-aufzuege.de\/wp-content\/uploads\/2015\/12\/tb_512x512.jpg?fit=512%2C512\" \/>\n\t<meta property=\"og:image:width\" content=\"512\" \/>\n\t<meta property=\"og:image:height\" content=\"512\" \/>\n<meta name=\"twitter:card\" content=\"summary\" \/>\n<meta name=\"twitter:label1\" content=\"Written by\">\n\t<meta name=\"twitter:data1\" content=\"TBAufzuege\">\n\t<meta name=\"twitter:label2\" content=\"Est. reading time\">\n\t<meta name=\"twitter:data2\" content=\"0 Minuten\">\n<script type=\"application\/ld+json\" class=\"yoast-schema-graph\">{\"@context\":\"https:\/\/schema.org\",\"@graph\":[{\"@type\":\"Organization\",\"@id\":\"http:\/\/tb-aufzuege.de\/#organization\",\"name\":\"TB-Aufz\\u00fcge GmbH\",\"url\":\"http:\/\/tb-aufzuege.de\/\",\"sameAs\":[],\"logo\":{\"@type\":\"ImageObject\",\"@id\":\"http:\/\/tb-aufzuege.de\/#logo\",\"inLanguage\":\"de-DE\",\"url\":\"https:\/\/i2.wp.com\/tb-aufzuege.de\/wp-content\/uploads\/2015\/11\/tb_02-e1447254920733.jpg?fit=150%2C121\",\"width\":150,\"height\":121,\"caption\":\"TB-Aufz\\u00fcge GmbH\"},\"image\":{\"@id\":\"http:\/\/tb-aufzuege.de\/#logo\"}},{\"@type\":\"WebSite\",\"@id\":\"http:\/\/tb-aufzuege.de\/#website\",\"url\":\"http:\/\/tb-aufzuege.de\/\",\"name\":\"TB-Aufz\\u00fcge GmbH\",\"description\":\"Bozidar Toncic\",\"publisher\":{\"@id\":\"http:\/\/tb-aufzuege.de\/#organization\"},\"potentialAction\":[{\"@type\":\"SearchAction\",\"target\":\"http:\/\/tb-aufzuege.de\/?s={search_term_string}\",\"query-input\":\"required name=search_term_string\"}],\"inLanguage\":\"de-DE\"},{\"@type\":\"ImageObject\",\"@id\":\"http:\/\/tb-aufzuege.de\/?page_id=163#primaryimage\",\"inLanguage\":\"de-DE\",\"url\":\"https:\/\/i2.wp.com\/tb-aufzuege.de\/wp-content\/uploads\/2015\/12\/tb_512x512.jpg?fit=512%2C512\",\"width\":512,\"height\":512},{\"@type\":\"WebPage\",\"@id\":\"http:\/\/tb-aufzuege.de\/?page_id=163#webpage\",\"url\":\"http:\/\/tb-aufzuege.de\/?page_id=163\",\"name\":\"Unser Team der TB Aufz\\u00fcge GmbH - TB-Aufz\\u00fcge GmbH\",\"isPartOf\":{\"@id\":\"http:\/\/tb-aufzuege.de\/#website\"},\"primaryImageOfPage\":{\"@id\":\"http:\/\/tb-aufzuege.de\/?page_id=163#primaryimage\"},\"datePublished\":\"2016-02-08T18:10:26+00:00\",\"dateModified\":\"2022-08-01T17:57:05+00:00\",\"inLanguage\":\"de-DE\",\"potentialAction\":[{\"@type\":\"ReadAction\",\"target\":[\"http:\/\/tb-aufzuege.de\/?page_id=163\"]}]}]}<\/script>\n<!-- \/ Yoast SEO plugin. -->","jetpack_sharing_enabled":true,"jetpack_shortlink":"https:\/\/wp.me\/P74Jgy-2D","jetpack-related-posts":[],"_links":{"self":[{"href":"http:\/\/tb-aufzuege.de\/index.php?rest_route=\/wp\/v2\/pages\/163"}],"collection":[{"href":"http:\/\/tb-aufzuege.de\/index.php?rest_route=\/wp\/v2\/pages"}],"about":[{"href":"http:\/\/tb-aufzuege.de\/index.php?rest_route=\/wp\/v2\/types\/page"}],"author":[{"embeddable":true,"href":"http:\/\/tb-aufzuege.de\/index.php?rest_route=\/wp\/v2\/users\/1"}],"replies":[{"embeddable":true,"href":"http:\/\/tb-aufzuege.de\/index.php?rest_route=%2Fwp%2Fv2%2Fcomments&post=163"}],"version-history":[{"count":1,"href":"http:\/\/tb-aufzuege.de\/index.php?rest_route=\/wp\/v2\/pages\/163\/revisions"}],"predecessor-version":[{"id":165,"href":"http:\/\/tb-aufzuege.de\/index.php?rest_route=\/wp\/v2\/pages\/163\/revisions\/165"}],"wp:featuredmedia":[{"embeddable":true,"href":"http:\/\/tb-aufzuege.de\/index.php?rest_route=\/wp\/v2\/media\/175"}],"wp:attachment":[{"href":"http:\/\/tb-aufzuege.de\/index.php?rest_route=%2Fwp%2Fv2%2Fmedia&parent=163"}],"curies":[{"name":"wp","href":"https:\/\/api.w.org\/{rel}","templated":true}]}}