{"id":20,"date":"2015-11-11T14:24:20","date_gmt":"2015-11-11T14:24:20","guid":{"rendered":"http:\/\/tb-aufzuege.de\/?page_id=20"},"modified":"2015-12-08T13:23:03","modified_gmt":"2015-12-08T13:23:03","slug":"impressum","status":"publish","type":"page","link":"http:\/\/tb-aufzuege.de\/?page_id=20","title":{"rendered":"Impressum"},"content":{"rendered":"<table width=\"543\">\n<tbody>\n<tr>\n<td width=\"543\">TB-Aufz\u00fcge GmbH<\/td>\n<\/tr>\n<tr>\n<td>Bozidar Toncic<\/td>\n<\/tr>\n<tr>\n<td>Heiliggeist Stra\u00dfe 6<\/td>\n<\/tr>\n<tr>\n<td><\/td>\n<\/tr>\n<tr>\n<td>80331 M\u00fcnchen<\/td>\n<\/tr>\n<\/tbody>\n<\/table>\n<p>&nbsp;<\/p>\n<table width=\"543\">\n<tbody>\n<tr>\n<td width=\"543\">Phone: +49 (176) 83 350 304<\/td>\n<\/tr>\n<tr>\n<td><\/td>\n<\/tr>\n<tr>\n<td>Fax: +49 (8106) 995 49 11<\/td>\n<\/tr>\n<tr>\n<td><\/td>\n<\/tr>\n<tr>\n<td>mobile: +49 (176) 83 350 304<\/td>\n<\/tr>\n<\/tbody>\n<\/table>\n<p>&nbsp;<\/p>\n<table width=\"566\">\n<tbody>\n<tr>\n<td width=\"193\"><\/td>\n<td width=\"373\"><\/td>\n<\/tr>\n<tr>\n<td>Handelsregister Nr.<\/td>\n<td>HRB 214911<\/td>\n<\/tr>\n<tr>\n<td>BetriebsNr.:<\/td>\n<td>31870979<\/td>\n<\/tr>\n<tr>\n<td>Steuer Nr.<\/td>\n<td>143\/184\/91462<\/td>\n<\/tr>\n<tr>\n<td><\/td>\n<td><\/td>\n<\/tr>\n<\/tbody>\n<\/table>\n<p>&nbsp;<\/p>\n<table width=\"543\">\n<tbody>\n<tr>\n<td width=\"543\">E-Mail: b.toncic@tb-aufzuege.de<\/td>\n<\/tr>\n<\/tbody>\n<\/table>\n","protected":false},"excerpt":{"rendered":"<p>TB-Aufz\u00fcge GmbH Bozidar Toncic Heiliggeist Stra\u00dfe 6 80331 M\u00fcnchen &nbsp; Phone: +49 (176) 83 350 304 Fax: +49 (8106) 995 49 11 mobile: +49 (176)<\/p>\n","protected":false},"author":1,"featured_media":0,"parent":0,"menu_order":0,"comment_status":"closed","ping_status":"closed","template":"","meta":{"spay_email":""},"yoast_head":"<!-- This site is optimized with the Yoast SEO plugin v15.2.1 - https:\/\/yoast.com\/wordpress\/plugins\/seo\/ -->\n<title>Impressum - TB-Aufz\u00fcge GmbH<\/title>\n<meta name=\"robots\" content=\"index, follow, max-snippet:-1, max-image-preview:large, max-video-preview:-1\" \/>\n<link rel=\"canonical\" href=\"http:\/\/tb-aufzuege.de\/?page_id=20\" \/>\n<meta property=\"og:locale\" content=\"de_DE\" \/>\n<meta property=\"og:type\" content=\"article\" \/>\n<meta property=\"og:title\" content=\"Impressum - TB-Aufz\u00fcge GmbH\" \/>\n<meta property=\"og:description\" content=\"TB-Aufz\u00fcge GmbH Bozidar Toncic Heiliggeist Stra\u00dfe 6 80331 M\u00fcnchen &nbsp; Phone: +49 (176) 83 350 304 Fax: +49 (8106) 995 49 11 mobile: +49 (176)\" \/>\n<meta property=\"og:url\" content=\"http:\/\/tb-aufzuege.de\/?page_id=20\" \/>\n<meta property=\"og:site_name\" content=\"TB-Aufz\u00fcge GmbH\" \/>\n<meta property=\"article:modified_time\" content=\"2015-12-08T13:23:03+00:00\" \/>\n<meta name=\"twitter:card\" content=\"summary\" \/>\n<meta name=\"twitter:label1\" content=\"Written by\">\n\t<meta name=\"twitter:data1\" content=\"TBAufzuege\">\n\t<meta name=\"twitter:label2\" content=\"Est. reading time\">\n\t<meta name=\"twitter:data2\" content=\"0 Minuten\">\n<script type=\"application\/ld+json\" class=\"yoast-schema-graph\">{\"@context\":\"https:\/\/schema.org\",\"@graph\":[{\"@type\":\"Organization\",\"@id\":\"http:\/\/tb-aufzuege.de\/#organization\",\"name\":\"TB-Aufz\\u00fcge GmbH\",\"url\":\"http:\/\/tb-aufzuege.de\/\",\"sameAs\":[],\"logo\":{\"@type\":\"ImageObject\",\"@id\":\"http:\/\/tb-aufzuege.de\/#logo\",\"inLanguage\":\"de-DE\",\"url\":\"https:\/\/i2.wp.com\/tb-aufzuege.de\/wp-content\/uploads\/2015\/11\/tb_02-e1447254920733.jpg?fit=150%2C121\",\"width\":150,\"height\":121,\"caption\":\"TB-Aufz\\u00fcge GmbH\"},\"image\":{\"@id\":\"http:\/\/tb-aufzuege.de\/#logo\"}},{\"@type\":\"WebSite\",\"@id\":\"http:\/\/tb-aufzuege.de\/#website\",\"url\":\"http:\/\/tb-aufzuege.de\/\",\"name\":\"TB-Aufz\\u00fcge GmbH\",\"description\":\"Bozidar Toncic\",\"publisher\":{\"@id\":\"http:\/\/tb-aufzuege.de\/#organization\"},\"potentialAction\":[{\"@type\":\"SearchAction\",\"target\":\"http:\/\/tb-aufzuege.de\/?s={search_term_string}\",\"query-input\":\"required name=search_term_string\"}],\"inLanguage\":\"de-DE\"},{\"@type\":\"WebPage\",\"@id\":\"http:\/\/tb-aufzuege.de\/?page_id=20#webpage\",\"url\":\"http:\/\/tb-aufzuege.de\/?page_id=20\",\"name\":\"Impressum - TB-Aufz\\u00fcge GmbH\",\"isPartOf\":{\"@id\":\"http:\/\/tb-aufzuege.de\/#website\"},\"datePublished\":\"2015-11-11T14:24:20+00:00\",\"dateModified\":\"2015-12-08T13:23:03+00:00\",\"inLanguage\":\"de-DE\",\"potentialAction\":[{\"@type\":\"ReadAction\",\"target\":[\"http:\/\/tb-aufzuege.de\/?page_id=20\"]}]}]}<\/script>\n<!-- \/ Yoast SEO plugin. -->","jetpack_sharing_enabled":true,"jetpack_shortlink":"https:\/\/wp.me\/P74Jgy-k","jetpack-related-posts":[],"_links":{"self":[{"href":"http:\/\/tb-aufzuege.de\/index.php?rest_route=\/wp\/v2\/pages\/20"}],"collection":[{"href":"http:\/\/tb-aufzuege.de\/index.php?rest_route=\/wp\/v2\/pages"}],"about":[{"href":"http:\/\/tb-aufzuege.de\/index.php?rest_route=\/wp\/v2\/types\/page"}],"author":[{"embeddable":true,"href":"http:\/\/tb-aufzuege.de\/index.php?rest_route=\/wp\/v2\/users\/1"}],"replies":[{"embeddable":true,"href":"http:\/\/tb-aufzuege.de\/index.php?rest_route=%2Fwp%2Fv2%2Fcomments&post=20"}],"version-history":[{"count":4,"href":"http:\/\/tb-aufzuege.de\/index.php?rest_route=\/wp\/v2\/pages\/20\/revisions"}],"predecessor-version":[{"id":101,"href":"http:\/\/tb-aufzuege.de\/index.php?rest_route=\/wp\/v2\/pages\/20\/revisions\/101"}],"wp:attachment":[{"href":"http:\/\/tb-aufzuege.de\/index.php?rest_route=%2Fwp%2Fv2%2Fmedia&parent=20"}],"curies":[{"name":"wp","href":"https:\/\/api.w.org\/{rel}","templated":true}]}}