{"id":53,"date":"2015-11-13T12:17:53","date_gmt":"2015-11-13T12:17:53","guid":{"rendered":"http:\/\/tb-aufzuege.de\/?page_id=53"},"modified":"2020-11-15T20:32:52","modified_gmt":"2020-11-15T20:32:52","slug":"neuanlagen","status":"publish","type":"page","link":"http:\/\/tb-aufzuege.de\/?page_id=53","title":{"rendered":"Neuanlagen"},"content":{"rendered":"<p>Bedarfsgerecht und leistungsf\u00e4hig werden von uns modernste Aufzugs-Neuanlagen in unterschiedlichsten Geb\u00e4uden realisiert. Dazu z\u00e4hlen Wohnh\u00e4user, Gesch\u00e4fts- und B\u00fcrogeb\u00e4ude sowie Hotels und \u00f6ffentliche Geb\u00e4ude-<\/p>\n<p>Wir bieten Ihnen eine breite Palette an Aufz\u00fcgen und Innenausstattungen.<br \/>\nUnsere Aufz\u00fcge werden Individuell nach Ihren W\u00fcnschen angefertigt.<\/p>\n","protected":false},"excerpt":{"rendered":"<p>Bedarfsgerecht und leistungsf\u00e4hig werden von uns modernste Aufzugs-Neuanlagen in unterschiedlichsten Geb\u00e4uden realisiert. Dazu z\u00e4hlen Wohnh\u00e4user, Gesch\u00e4fts- und B\u00fcrogeb\u00e4ude sowie Hotels und \u00f6ffentliche Geb\u00e4ude- Wir bieten<\/p>\n","protected":false},"author":1,"featured_media":183,"parent":0,"menu_order":1,"comment_status":"closed","ping_status":"closed","template":"page-templates\/template-services.php","meta":{"spay_email":""},"yoast_head":"<!-- This site is optimized with the Yoast SEO plugin v15.2.1 - https:\/\/yoast.com\/wordpress\/plugins\/seo\/ -->\n<title>Neuanlagen - TB-Aufz\u00fcge GmbH<\/title>\n<meta name=\"robots\" content=\"index, follow, max-snippet:-1, max-image-preview:large, max-video-preview:-1\" \/>\n<link rel=\"canonical\" href=\"http:\/\/tb-aufzuege.de\/?page_id=53\" \/>\n<meta property=\"og:locale\" content=\"de_DE\" \/>\n<meta property=\"og:type\" content=\"article\" \/>\n<meta property=\"og:title\" content=\"Neuanlagen - TB-Aufz\u00fcge GmbH\" \/>\n<meta property=\"og:description\" content=\"Bedarfsgerecht und leistungsf\u00e4hig werden von uns modernste Aufzugs-Neuanlagen in unterschiedlichsten Geb\u00e4uden realisiert. Dazu z\u00e4hlen Wohnh\u00e4user, Gesch\u00e4fts- und B\u00fcrogeb\u00e4ude sowie Hotels und \u00f6ffentliche Geb\u00e4ude- Wir bieten\" \/>\n<meta property=\"og:url\" content=\"http:\/\/tb-aufzuege.de\/?page_id=53\" \/>\n<meta property=\"og:site_name\" content=\"TB-Aufz\u00fcge GmbH\" \/>\n<meta property=\"article:modified_time\" content=\"2020-11-15T20:32:52+00:00\" \/>\n<meta property=\"og:image\" content=\"https:\/\/i1.wp.com\/tb-aufzuege.de\/wp-content\/uploads\/2015\/11\/auf_neu.jpg?fit=308%2C183\" \/>\n\t<meta property=\"og:image:width\" content=\"308\" \/>\n\t<meta property=\"og:image:height\" content=\"183\" \/>\n<meta name=\"twitter:card\" content=\"summary\" \/>\n<meta name=\"twitter:label1\" content=\"Written by\">\n\t<meta name=\"twitter:data1\" content=\"TBAufzuege\">\n\t<meta name=\"twitter:label2\" content=\"Est. reading time\">\n\t<meta name=\"twitter:data2\" content=\"0 Minuten\">\n<script type=\"application\/ld+json\" class=\"yoast-schema-graph\">{\"@context\":\"https:\/\/schema.org\",\"@graph\":[{\"@type\":\"Organization\",\"@id\":\"http:\/\/tb-aufzuege.de\/#organization\",\"name\":\"TB-Aufz\\u00fcge GmbH\",\"url\":\"http:\/\/tb-aufzuege.de\/\",\"sameAs\":[],\"logo\":{\"@type\":\"ImageObject\",\"@id\":\"http:\/\/tb-aufzuege.de\/#logo\",\"inLanguage\":\"de-DE\",\"url\":\"https:\/\/i2.wp.com\/tb-aufzuege.de\/wp-content\/uploads\/2015\/11\/tb_02-e1447254920733.jpg?fit=150%2C121\",\"width\":150,\"height\":121,\"caption\":\"TB-Aufz\\u00fcge GmbH\"},\"image\":{\"@id\":\"http:\/\/tb-aufzuege.de\/#logo\"}},{\"@type\":\"WebSite\",\"@id\":\"http:\/\/tb-aufzuege.de\/#website\",\"url\":\"http:\/\/tb-aufzuege.de\/\",\"name\":\"TB-Aufz\\u00fcge GmbH\",\"description\":\"Bozidar Toncic\",\"publisher\":{\"@id\":\"http:\/\/tb-aufzuege.de\/#organization\"},\"potentialAction\":[{\"@type\":\"SearchAction\",\"target\":\"http:\/\/tb-aufzuege.de\/?s={search_term_string}\",\"query-input\":\"required name=search_term_string\"}],\"inLanguage\":\"de-DE\"},{\"@type\":\"ImageObject\",\"@id\":\"http:\/\/tb-aufzuege.de\/?page_id=53#primaryimage\",\"inLanguage\":\"de-DE\",\"url\":\"https:\/\/i1.wp.com\/tb-aufzuege.de\/wp-content\/uploads\/2015\/11\/auf_neu.jpg?fit=308%2C183\",\"width\":308,\"height\":183},{\"@type\":\"WebPage\",\"@id\":\"http:\/\/tb-aufzuege.de\/?page_id=53#webpage\",\"url\":\"http:\/\/tb-aufzuege.de\/?page_id=53\",\"name\":\"Neuanlagen - TB-Aufz\\u00fcge GmbH\",\"isPartOf\":{\"@id\":\"http:\/\/tb-aufzuege.de\/#website\"},\"primaryImageOfPage\":{\"@id\":\"http:\/\/tb-aufzuege.de\/?page_id=53#primaryimage\"},\"datePublished\":\"2015-11-13T12:17:53+00:00\",\"dateModified\":\"2020-11-15T20:32:52+00:00\",\"inLanguage\":\"de-DE\",\"potentialAction\":[{\"@type\":\"ReadAction\",\"target\":[\"http:\/\/tb-aufzuege.de\/?page_id=53\"]}]}]}<\/script>\n<!-- \/ Yoast SEO plugin. -->","jetpack_sharing_enabled":true,"jetpack_shortlink":"https:\/\/wp.me\/P74Jgy-R","jetpack-related-posts":[],"_links":{"self":[{"href":"http:\/\/tb-aufzuege.de\/index.php?rest_route=\/wp\/v2\/pages\/53"}],"collection":[{"href":"http:\/\/tb-aufzuege.de\/index.php?rest_route=\/wp\/v2\/pages"}],"about":[{"href":"http:\/\/tb-aufzuege.de\/index.php?rest_route=\/wp\/v2\/types\/page"}],"author":[{"embeddable":true,"href":"http:\/\/tb-aufzuege.de\/index.php?rest_route=\/wp\/v2\/users\/1"}],"replies":[{"embeddable":true,"href":"http:\/\/tb-aufzuege.de\/index.php?rest_route=%2Fwp%2Fv2%2Fcomments&post=53"}],"version-history":[{"count":4,"href":"http:\/\/tb-aufzuege.de\/index.php?rest_route=\/wp\/v2\/pages\/53\/revisions"}],"predecessor-version":[{"id":181,"href":"http:\/\/tb-aufzuege.de\/index.php?rest_route=\/wp\/v2\/pages\/53\/revisions\/181"}],"wp:featuredmedia":[{"embeddable":true,"href":"http:\/\/tb-aufzuege.de\/index.php?rest_route=\/wp\/v2\/media\/183"}],"wp:attachment":[{"href":"http:\/\/tb-aufzuege.de\/index.php?rest_route=%2Fwp%2Fv2%2Fmedia&parent=53"}],"curies":[{"name":"wp","href":"https:\/\/api.w.org\/{rel}","templated":true}]}}