{"id":6,"date":"2015-11-11T13:13:03","date_gmt":"2015-11-11T13:13:03","guid":{"rendered":"http:\/\/tb-aufzuege.de\/?page_id=6"},"modified":"2015-12-29T16:45:58","modified_gmt":"2015-12-29T16:45:58","slug":"home","status":"publish","type":"page","link":"http:\/\/tb-aufzuege.de\/","title":{"rendered":"Home"},"content":{"rendered":"<div id=\"pl-6\"  class=\"panel-layout\" ><div id=\"pg-6-0\"  class=\"panel-grid panel-no-style\" ><div id=\"pgc-6-0-0\"  class=\"panel-grid-cell\" ><div id=\"panel-6-0-0-0\" class=\"so-panel widget panel-first-child panel-last-child\" data-index=\"0\" ><\/div><\/div><div id=\"pgc-6-0-1\"  class=\"panel-grid-cell\" ><div id=\"panel-6-0-1-0\" class=\"so-panel widget panel-first-child panel-last-child\" data-index=\"1\" ><\/div><\/div><div id=\"pgc-6-0-2\"  class=\"panel-grid-cell\" ><div id=\"panel-6-0-2-0\" class=\"so-panel widget panel-first-child panel-last-child\" data-index=\"2\" ><\/div><\/div><\/div><div id=\"pg-6-1\"  class=\"panel-grid panel-has-style\" ><div class=\"wide-grey panel-row-style panel-row-style-for-6-1\" ><div id=\"pgc-6-1-0\"  class=\"panel-grid-cell\" ><div id=\"panel-6-1-0-0\" class=\"so-panel widget panel-first-child panel-last-child\" data-index=\"3\" ><\/div><\/div><\/div><\/div><div id=\"pg-6-2\"  class=\"panel-grid panel-no-style\" ><div id=\"pgc-6-2-0\"  class=\"panel-grid-cell\" ><div id=\"panel-6-2-0-0\" class=\"so-panel widget widget_siteorigin-panels-postloop panel-first-child panel-last-child\" data-index=\"4\" ><h3 class=\"widget-title\">Latest Posts<\/h3><\/div><\/div><div id=\"pgc-6-2-1\"  class=\"panel-grid-cell\" ><div id=\"panel-6-2-1-0\" class=\"so-panel widget widget_text panel-first-child panel-last-child\" data-index=\"5\" >\t\t\t<div class=\"textwidget\"><p>There are a lot of widgets bundled with Page Builder. You can use them to bring your pages to life.<\/p>\n<\/div>\n\t\t<\/div><\/div><\/div><\/div>","protected":false},"excerpt":{"rendered":"<p>Latest Posts There are a lot of widgets bundled with Page Builder. You can use them to bring your pages to life.<\/p>\n","protected":false},"author":1,"featured_media":0,"parent":0,"menu_order":0,"comment_status":"closed","ping_status":"closed","template":"","meta":{"spay_email":""},"yoast_head":"<!-- This site is optimized with the Yoast SEO plugin v15.2.1 - https:\/\/yoast.com\/wordpress\/plugins\/seo\/ -->\n<title>Home - TB-Aufz\u00fcge GmbH<\/title>\n<meta name=\"description\" content=\"Die TB-Aufz\u00fcge GmbH ist Ihr zuverl\u00e4ssiger Dienstleister f\u00fcr Wartung, Service, Reparatur und Modernisierung sowie die Neuanlage von Aufz\u00fcgen. Unser erfahrenes Serviceteam sorgt f\u00fcr die permanente Verf\u00fcgbarkeit, regelm\u00e4\u00dfige Wartung und perfekte Betreuung Ihrer Aufzugsanlagen. Gerne beraten wir Sie, welchen M\u00f6glichkeiten es gibt, Ihnen zuverl\u00e4ssige und hochwertige Leistungen im Bereich Wartung , Reparatur und Neubau anzubieten.\" \/>\n<meta name=\"robots\" content=\"index, follow, max-snippet:-1, max-image-preview:large, max-video-preview:-1\" \/>\n<link rel=\"canonical\" href=\"http:\/\/tb-aufzuege.de\/\" \/>\n<meta property=\"og:locale\" content=\"de_DE\" \/>\n<meta property=\"og:type\" content=\"article\" \/>\n<meta property=\"og:title\" content=\"Home - TB-Aufz\u00fcge GmbH\" \/>\n<meta property=\"og:description\" content=\"Die TB-Aufz\u00fcge GmbH ist Ihr zuverl\u00e4ssiger Dienstleister f\u00fcr Wartung, Service, Reparatur und Modernisierung sowie die Neuanlage von Aufz\u00fcgen. Unser erfahrenes Serviceteam sorgt f\u00fcr die permanente Verf\u00fcgbarkeit, regelm\u00e4\u00dfige Wartung und perfekte Betreuung Ihrer Aufzugsanlagen. Gerne beraten wir Sie, welchen M\u00f6glichkeiten es gibt, Ihnen zuverl\u00e4ssige und hochwertige Leistungen im Bereich Wartung , Reparatur und Neubau anzubieten.\" \/>\n<meta property=\"og:url\" content=\"http:\/\/tb-aufzuege.de\/\" \/>\n<meta property=\"og:site_name\" content=\"TB-Aufz\u00fcge GmbH\" \/>\n<meta property=\"article:modified_time\" content=\"2015-12-29T16:45:58+00:00\" \/>\n<meta name=\"twitter:card\" content=\"summary\" \/>\n<meta name=\"twitter:label1\" content=\"Written by\">\n\t<meta name=\"twitter:data1\" content=\"TBAufzuege\">\n<script type=\"application\/ld+json\" class=\"yoast-schema-graph\">{\"@context\":\"https:\/\/schema.org\",\"@graph\":[{\"@type\":\"Organization\",\"@id\":\"http:\/\/tb-aufzuege.de\/#organization\",\"name\":\"TB-Aufz\\u00fcge GmbH\",\"url\":\"http:\/\/tb-aufzuege.de\/\",\"sameAs\":[],\"logo\":{\"@type\":\"ImageObject\",\"@id\":\"http:\/\/tb-aufzuege.de\/#logo\",\"inLanguage\":\"de-DE\",\"url\":\"https:\/\/i2.wp.com\/tb-aufzuege.de\/wp-content\/uploads\/2015\/11\/tb_02-e1447254920733.jpg?fit=150%2C121\",\"width\":150,\"height\":121,\"caption\":\"TB-Aufz\\u00fcge GmbH\"},\"image\":{\"@id\":\"http:\/\/tb-aufzuege.de\/#logo\"}},{\"@type\":\"WebSite\",\"@id\":\"http:\/\/tb-aufzuege.de\/#website\",\"url\":\"http:\/\/tb-aufzuege.de\/\",\"name\":\"TB-Aufz\\u00fcge GmbH\",\"description\":\"Bozidar Toncic\",\"publisher\":{\"@id\":\"http:\/\/tb-aufzuege.de\/#organization\"},\"potentialAction\":[{\"@type\":\"SearchAction\",\"target\":\"http:\/\/tb-aufzuege.de\/?s={search_term_string}\",\"query-input\":\"required name=search_term_string\"}],\"inLanguage\":\"de-DE\"},{\"@type\":\"WebPage\",\"@id\":\"http:\/\/tb-aufzuege.de\/#webpage\",\"url\":\"http:\/\/tb-aufzuege.de\/\",\"name\":\"Home - TB-Aufz\\u00fcge GmbH\",\"isPartOf\":{\"@id\":\"http:\/\/tb-aufzuege.de\/#website\"},\"datePublished\":\"2015-11-11T13:13:03+00:00\",\"dateModified\":\"2015-12-29T16:45:58+00:00\",\"description\":\"Die TB-Aufz\\u00fcge GmbH ist Ihr zuverl\\u00e4ssiger Dienstleister f\\u00fcr Wartung, Service, Reparatur und Modernisierung sowie die Neuanlage von Aufz\\u00fcgen. Unser erfahrenes Serviceteam sorgt f\\u00fcr die permanente Verf\\u00fcgbarkeit, regelm\\u00e4\\u00dfige Wartung und perfekte Betreuung Ihrer Aufzugsanlagen. Gerne beraten wir Sie, welchen M\\u00f6glichkeiten es gibt, Ihnen zuverl\\u00e4ssige und hochwertige Leistungen im Bereich Wartung , Reparatur und Neubau anzubieten.\",\"inLanguage\":\"de-DE\",\"potentialAction\":[{\"@type\":\"ReadAction\",\"target\":[\"http:\/\/tb-aufzuege.de\/\"]}]}]}<\/script>\n<!-- \/ Yoast SEO plugin. -->","jetpack_sharing_enabled":true,"jetpack_shortlink":"https:\/\/wp.me\/P74Jgy-6","jetpack-related-posts":[],"_links":{"self":[{"href":"http:\/\/tb-aufzuege.de\/index.php?rest_route=\/wp\/v2\/pages\/6"}],"collection":[{"href":"http:\/\/tb-aufzuege.de\/index.php?rest_route=\/wp\/v2\/pages"}],"about":[{"href":"http:\/\/tb-aufzuege.de\/index.php?rest_route=\/wp\/v2\/types\/page"}],"author":[{"embeddable":true,"href":"http:\/\/tb-aufzuege.de\/index.php?rest_route=\/wp\/v2\/users\/1"}],"replies":[{"embeddable":true,"href":"http:\/\/tb-aufzuege.de\/index.php?rest_route=%2Fwp%2Fv2%2Fcomments&post=6"}],"version-history":[{"count":3,"href":"http:\/\/tb-aufzuege.de\/index.php?rest_route=\/wp\/v2\/pages\/6\/revisions"}],"predecessor-version":[{"id":200,"href":"http:\/\/tb-aufzuege.de\/index.php?rest_route=\/wp\/v2\/pages\/6\/revisions\/200"}],"wp:attachment":[{"href":"http:\/\/tb-aufzuege.de\/index.php?rest_route=%2Fwp%2Fv2%2Fmedia&parent=6"}],"curies":[{"name":"wp","href":"https:\/\/api.w.org\/{rel}","templated":true}]}}