{"id":83,"date":"2016-01-10T18:10:21","date_gmt":"2016-01-10T18:10:21","guid":{"rendered":"http:\/\/tb-aufzuege.de\/?page_id=83"},"modified":"2016-07-29T15:04:17","modified_gmt":"2016-07-29T15:04:17","slug":"bozidar-toncic","status":"publish","type":"page","link":"http:\/\/tb-aufzuege.de\/?page_id=83","title":{"rendered":"Bozidar Toncic (Gesch\u00e4ftsf\u00fchrer)"},"content":{"rendered":"<p>Technikerausbildung und Ausbildung zum Schlossermeister (2002); langj\u00e4hrige Erfahrung als Aufzugsmonteur und technischer Leiter und Bauleiter. 2014 erfolgte die Firmengr\u00fcndung der TB Aufz\u00fcge GmbH.<\/p>\n","protected":false},"excerpt":{"rendered":"<p>Technikerausbildung und Ausbildung zum Schlossermeister (2002); langj\u00e4hrige Erfahrung als Aufzugsmonteur und technischer Leiter und Bauleiter. 2014 erfolgte die Firmengr\u00fcndung der TB Aufz\u00fcge GmbH.<\/p>\n","protected":false},"author":1,"featured_media":193,"parent":0,"menu_order":0,"comment_status":"closed","ping_status":"closed","template":"page-templates\/template-team.php","meta":{"spay_email":""},"yoast_head":"<!-- This site is optimized with the Yoast SEO plugin v15.2.1 - https:\/\/yoast.com\/wordpress\/plugins\/seo\/ -->\n<title>Bozidar Toncic (Gesch\u00e4ftsf\u00fchrer) - TB-Aufz\u00fcge GmbH<\/title>\n<meta name=\"robots\" content=\"index, follow, max-snippet:-1, max-image-preview:large, max-video-preview:-1\" \/>\n<link rel=\"canonical\" href=\"http:\/\/tb-aufzuege.de\/?page_id=83\" \/>\n<meta property=\"og:locale\" content=\"de_DE\" \/>\n<meta property=\"og:type\" content=\"article\" \/>\n<meta property=\"og:title\" content=\"Bozidar Toncic (Gesch\u00e4ftsf\u00fchrer) - TB-Aufz\u00fcge GmbH\" \/>\n<meta property=\"og:description\" content=\"Technikerausbildung und Ausbildung zum Schlossermeister (2002); langj\u00e4hrige Erfahrung als Aufzugsmonteur und technischer Leiter und Bauleiter. 2014 erfolgte die Firmengr\u00fcndung der TB Aufz\u00fcge GmbH.\" \/>\n<meta property=\"og:url\" content=\"http:\/\/tb-aufzuege.de\/?page_id=83\" \/>\n<meta property=\"og:site_name\" content=\"TB-Aufz\u00fcge GmbH\" \/>\n<meta property=\"article:modified_time\" content=\"2016-07-29T15:04:17+00:00\" \/>\n<meta property=\"og:image\" content=\"https:\/\/i1.wp.com\/tb-aufzuege.de\/wp-content\/uploads\/2015\/12\/toncic-bozidar.jpg?fit=347%2C355\" \/>\n\t<meta property=\"og:image:width\" content=\"347\" \/>\n\t<meta property=\"og:image:height\" content=\"355\" \/>\n<meta name=\"twitter:card\" content=\"summary\" \/>\n<meta name=\"twitter:label1\" content=\"Written by\">\n\t<meta name=\"twitter:data1\" content=\"TBAufzuege\">\n\t<meta name=\"twitter:label2\" content=\"Est. reading time\">\n\t<meta name=\"twitter:data2\" content=\"0 Minuten\">\n<script type=\"application\/ld+json\" class=\"yoast-schema-graph\">{\"@context\":\"https:\/\/schema.org\",\"@graph\":[{\"@type\":\"Organization\",\"@id\":\"http:\/\/tb-aufzuege.de\/#organization\",\"name\":\"TB-Aufz\\u00fcge GmbH\",\"url\":\"http:\/\/tb-aufzuege.de\/\",\"sameAs\":[],\"logo\":{\"@type\":\"ImageObject\",\"@id\":\"http:\/\/tb-aufzuege.de\/#logo\",\"inLanguage\":\"de-DE\",\"url\":\"https:\/\/i2.wp.com\/tb-aufzuege.de\/wp-content\/uploads\/2015\/11\/tb_02-e1447254920733.jpg?fit=150%2C121\",\"width\":150,\"height\":121,\"caption\":\"TB-Aufz\\u00fcge GmbH\"},\"image\":{\"@id\":\"http:\/\/tb-aufzuege.de\/#logo\"}},{\"@type\":\"WebSite\",\"@id\":\"http:\/\/tb-aufzuege.de\/#website\",\"url\":\"http:\/\/tb-aufzuege.de\/\",\"name\":\"TB-Aufz\\u00fcge GmbH\",\"description\":\"Bozidar Toncic\",\"publisher\":{\"@id\":\"http:\/\/tb-aufzuege.de\/#organization\"},\"potentialAction\":[{\"@type\":\"SearchAction\",\"target\":\"http:\/\/tb-aufzuege.de\/?s={search_term_string}\",\"query-input\":\"required name=search_term_string\"}],\"inLanguage\":\"de-DE\"},{\"@type\":\"ImageObject\",\"@id\":\"http:\/\/tb-aufzuege.de\/?page_id=83#primaryimage\",\"inLanguage\":\"de-DE\",\"url\":\"https:\/\/i1.wp.com\/tb-aufzuege.de\/wp-content\/uploads\/2015\/12\/toncic-bozidar.jpg?fit=347%2C355\",\"width\":347,\"height\":355},{\"@type\":\"WebPage\",\"@id\":\"http:\/\/tb-aufzuege.de\/?page_id=83#webpage\",\"url\":\"http:\/\/tb-aufzuege.de\/?page_id=83\",\"name\":\"Bozidar Toncic (Gesch\\u00e4ftsf\\u00fchrer) - TB-Aufz\\u00fcge GmbH\",\"isPartOf\":{\"@id\":\"http:\/\/tb-aufzuege.de\/#website\"},\"primaryImageOfPage\":{\"@id\":\"http:\/\/tb-aufzuege.de\/?page_id=83#primaryimage\"},\"datePublished\":\"2016-01-10T18:10:21+00:00\",\"dateModified\":\"2016-07-29T15:04:17+00:00\",\"inLanguage\":\"de-DE\",\"potentialAction\":[{\"@type\":\"ReadAction\",\"target\":[\"http:\/\/tb-aufzuege.de\/?page_id=83\"]}]}]}<\/script>\n<!-- \/ Yoast SEO plugin. -->","jetpack_sharing_enabled":true,"jetpack_shortlink":"https:\/\/wp.me\/P74Jgy-1l","jetpack-related-posts":[],"_links":{"self":[{"href":"http:\/\/tb-aufzuege.de\/index.php?rest_route=\/wp\/v2\/pages\/83"}],"collection":[{"href":"http:\/\/tb-aufzuege.de\/index.php?rest_route=\/wp\/v2\/pages"}],"about":[{"href":"http:\/\/tb-aufzuege.de\/index.php?rest_route=\/wp\/v2\/types\/page"}],"author":[{"embeddable":true,"href":"http:\/\/tb-aufzuege.de\/index.php?rest_route=\/wp\/v2\/users\/1"}],"replies":[{"embeddable":true,"href":"http:\/\/tb-aufzuege.de\/index.php?rest_route=%2Fwp%2Fv2%2Fcomments&post=83"}],"version-history":[{"count":11,"href":"http:\/\/tb-aufzuege.de\/index.php?rest_route=\/wp\/v2\/pages\/83\/revisions"}],"predecessor-version":[{"id":172,"href":"http:\/\/tb-aufzuege.de\/index.php?rest_route=\/wp\/v2\/pages\/83\/revisions\/172"}],"wp:featuredmedia":[{"embeddable":true,"href":"http:\/\/tb-aufzuege.de\/index.php?rest_route=\/wp\/v2\/media\/193"}],"wp:attachment":[{"href":"http:\/\/tb-aufzuege.de\/index.php?rest_route=%2Fwp%2Fv2%2Fmedia&parent=83"}],"curies":[{"name":"wp","href":"https:\/\/api.w.org\/{rel}","templated":true}]}}